{"id":439,"date":"2025-12-25T03:52:06","date_gmt":"2025-12-25T03:52:06","guid":{"rendered":"https:\/\/kinghl.com\/?post_type=product&#038;p=439"},"modified":"2025-12-25T03:57:37","modified_gmt":"2025-12-25T03:57:37","slug":"camera-ipc-c22fp-c-versa","status":"publish","type":"product","link":"https:\/\/kinghl.com\/?product=camera-ipc-c22fp-c-versa","title":{"rendered":"Camera IPC-C22FP-C (Versa)"},"content":{"rendered":"<div class=\"title_module_main heading-bar d-flex justify-content-between align-items-center\">\n<h2 class=\"heading-bar__title \">\u0110\u1eb6C \u0110I\u1ec2M N\u1ed4I B\u1eacT<\/h2>\n<\/div>\n<div id=\"ega-uti-editable-content\" class=\"rte js-product-getcontent product_getcontent pos-relative\" data-platform=\"sapo\" data-id=\"32865500\">\n<div id=\"content\" class=\"content js-content\">\n<h3><strong>TH\u00d4NG S\u1ed0 N\u1ed4I B\u00c2T CAMERA IPC-C22FP-C (Versa)<\/strong><\/h3>\n<p><img decoding=\"async\" src=\"https:\/\/bizweb.dktcdn.net\/100\/466\/217\/files\/versa.jpg?v=1696157463897\" data-thumb=\"original\" \/><br \/>\n<em>Camera wifi quay qu\u00e9t Imou IPC-C22FP-C (Versa)<\/em><\/p>\n<p>CAMERA IP WIFI FULL COLOR 2.0MP<\/p>\n<p>&#8211; Camera IP WIFI c\u1ed1 \u0111\u1ecbnh ngo\u00e0i tr\u1eddi Full Color 2MP<br \/>\n&#8211; 1\/2.8\u2033 CMOS \u0110\u1ed9 ph\u00e2n gi\u1ea3i 2MP(1920 x 1080)<br \/>\n&#8211; Chu\u1ea9n n\u00e9n h\u00ecnh \u1ea3nh: H.265\/H.264<br \/>\n&#8211; \u1ed0ng k\u00ednh g\u00f3c r\u1ed9ng: 2.8mm g\u00f3c nh\u00ecn 97\u00b0(H), 52\u00b0(V), 114\u00b0(D)<br \/>\n&#8211; T\u1ea7m xa h\u1ed3ng ngo\u1ea1i 20m, t\u1ea7m xa \u0111\u00e8n led tr\u1ee3 s\u00e1ng 20m<br \/>\n&#8211; H\u1ed7 tr\u1ee3 4 ch\u1ebf \u0111\u1ed9 \u00e1nh s\u00e1ng ban \u0111\u00eam: Th\u00f4ng minh, Full Color, H\u1ed3ng ngo\u1ea1i v\u00e0 t\u1eaft.<br \/>\n&#8211; T\u00edch h\u1ee3p mic v\u00e0 loa, h\u1ed7 tr\u1ee3 \u0111\u00e0m tho\u1ea1i 2 chi\u1ec1u (\u00e2m l\u01b0\u1ee3ng l\u1edbn)<br \/>\n&#8211; Ph\u00e1t hi\u1ec7n chuy\u1ec3n \u0111\u1ed9ng, ph\u00e1t hi\u1ec7n con ng\u01b0\u1eddi, ph\u00e1t hi\u1ec7n \u00e2m thanh b\u1ea5t th\u01b0\u1eddng.<br \/>\n&#8211; T\u00f9y ch\u1ec9nh \u0111\u01b0\u1ee3c v\u00f9ng b\u00e1o \u0111\u1ed9ng<br \/>\n&#8211; B\u00e1o \u0111\u1ed9ng ch\u1ee7 \u0111\u1ed9ng b\u1eb1ng \u0111\u00e8n ch\u1edbp v\u00e0 c\u00f2i h\u00fa (\u00e2m l\u01b0\u1ee3ng \u0111\u1ebfn 110dB)<br \/>\n&#8211; K\u1ebft n\u1ed1i wifi H\u1ed7 tr\u1ee3 Cloud v\u00e0 ONVIF<br \/>\n&#8211; H\u1ed7 tr\u1ee3 khe c\u1eafm th\u1ebb nh\u1edb t\u1ed1i \u0111a 256GB<br \/>\n&#8211; Ch\u1ea5t li\u1ec7u v\u1ecf nh\u1ef1a, Chu\u1ea9n ch\u1ed1ng b\u1ee5i n\u01b0\u1edbc IP65, c\u00f3 th\u1ec3 l\u1eafp ngo\u00e0i tr\u1eddi.<br \/>\n&#8211; Ngu\u1ed3n 5V1A, l\u1eafp \u0111\u1eb7t d\u1ec5 d\u00e0ng v\u1edbi \u0111\u1ebf nam ch\u00e2m ho\u1eb7c keo 3M.<br \/>\n&#8211; Thi\u1ebft k\u1ebf m\u1edbi hi\u1ec7n \u0111\u1ea1i, sang tr\u1ecdng<\/p>\n<h3><strong>H\u01b0\u1edbng d\u1eabn c\u00e0i \u0111\u1eb7t camera Imou<\/strong><\/h3>\n<p>Tr\u01b0\u1edbc ti\u00ean b\u1ea1n c\u1ea7n t\u1ea3i v\u1ec1 v\u00e0 c\u00e0i \u0111\u1eb7t \u1ee9ng d\u1ee5ng\u00a0<strong>Imou Life<\/strong>\u00a0trong\u00a0Google Play\u00a0v\u00e0\u00a0App Store. (N\u1ebfu b\u1ea1n \u0111\u00e3 c\u00e0i \u0111\u1eb7t \u1ee9ng d\u1ee5ng vui l\u00f2ng c\u1eadp nh\u1eadt phi\u00ean b\u1ea3n m\u1edbi nh\u1ea5t)<\/p>\n<p>Sau khi t\u1ea3i v\u1ec1 ch\u00fang ta s\u1ebd th\u1ef1c hi\u1ec7n c\u00e0i camera v\u00e0o \u1ee9ng d\u1ee5ng theo c\u00e1c b\u01b0\u1edbc sau.<\/p>\n<p><strong>B\u01b0\u1edbc 1:<\/strong>\u00a0Ch\u1ea1y \u1ee9ng d\u1ee5ng\u00a0<strong>Imou Life<\/strong>\u00a0sau \u0111\u00f3 \u0111\u0103ng k\u00fd t\u00e0i kho\u1ea3n cho l\u1ea7n s\u1eed d\u1ee5ng \u0111\u1ea7u ti\u00ean. C\u00e1c b\u1ea1n c\u00f3 th\u1ec3 t\u1ea1o t\u00e0i kho\u1ea3n\u00a0<strong>Imou Life<\/strong>\u00a0b\u1eb1ng Email ho\u1eb7c s\u1ed1 \u0111i\u1ec7n tho\u1ea1i di \u0111\u1ed9ng (<em>L\u01b0u \u00fd s\u1ed1 \u0111i\u1ec7n tho\u1ea1i di \u0111\u1ed9ng c\u00f3 th\u1ec3 ch\u1ee9a s\u1ed1 0 ho\u1eb7c kh\u00f4ng ch\u1ee9a s\u1ed1 0 \u0111\u1ea7u ti\u00ean<\/em>)<\/p>\n<p><strong>B\u01b0\u1edbc 2:<\/strong>\u00a0B\u1eadt ngu\u1ed3n thi\u1ebft b\u1ecb c\u1ee7a b\u1ea1n v\u00e0 \u0111\u1ee3i cho \u0111\u1ebfn khi \u0111\u00e8n b\u00e1o camera nh\u1ea5p nh\u00e1y m\u00e0u xanh l\u1ee5c.<br \/>\n<em>Ch\u00fa \u00fd:<\/em>\u00a0<em>N\u1ebfu camera kh\u00f4ng nh\u1ea5p nh\u00e1y m\u00e0u xanh l\u1ee5c, vui l\u00f2ng nh\u1ea5n n\u00fat reset trong 10 gi\u00e2y \u0111\u1ec3 reset l\u1ea1i camera, sau \u0111\u00f3 b\u1eaft \u0111\u1ea7u l\u1ea1i.<\/em><\/p>\n<p><strong>B\u01b0\u1edbc 3:<\/strong>\u00a0Qu\u00e9t m\u00e3 QR trong nh\u00e3n thi\u1ebft b\u1ecb b\u1eb1ng \u1ee8ng d\u1ee5ng, sau \u0111\u00f3 b\u1eaft \u0111\u1ea7u c\u1ea5u h\u00ecnh m\u1ea1ng cho camera<\/p>\n<p align=\"center\"><img decoding=\"async\" src=\"https:\/\/bizweb.dktcdn.net\/100\/466\/217\/files\/a1.png?v=1674061048937\" data-thumb=\"original\" \/><\/p>\n<p><strong>B\u01b0\u1edbc 4:<\/strong><\/p>\n<p>\u0110i\u1ec7n tho\u1ea1i c\u1ee7a b\u1ea1n s\u1ebd t\u1ef1 \u0111\u1ed9ng k\u1ebft n\u1ed1i v\u1edbi t\u00edn hi\u1ec7u Wi-Fi AP m\u1ec1m c\u1ee7a camera.<\/p>\n<p align=\"center\"><img decoding=\"async\" src=\"https:\/\/bizweb.dktcdn.net\/100\/466\/217\/files\/a2.png?v=1674061170027\" data-thumb=\"original\" \/><\/p>\n<p>Ch\u00fa \u00fd:<em>\u00a0<\/em>N\u1ebfu \u0111i\u1ec7n tho\u1ea1i c\u1ee7a b\u1ea1n kh\u00f4ng th\u1ec3 t\u1ef1 \u0111\u1ed9ng k\u1ebft n\u1ed1i v\u1edbi t\u00edn hi\u1ec7u v\u00ec l\u00fd do n\u00e0o \u0111\u00f3, vui l\u00f2ng chuy\u1ec3n \u0111\u1ebfn trang k\u1ebft n\u1ed1i Wi-Fi c\u1ee7a \u0111i\u1ec7n tho\u1ea1i, k\u1ebft n\u1ed1i \u0111i\u1ec7n tho\u1ea1i c\u1ee7a b\u1ea1n v\u1edbi t\u00edn hi\u1ec7u Wi-Fi hi\u1ec3n th\u1ecb tr\u00ean trang \u1ee9ng d\u1ee5ng, sau \u0111\u00f3 quay l\u1ea1i trang Imou Life. M\u1eadt kh\u1ea9u Wi-Fi l\u00e0 m\u00e3 an to\u00e0n tr\u00ean nh\u00e3n thi\u1ebft b\u1ecb.<\/p>\n<p align=\"center\"><img decoding=\"async\" src=\"https:\/\/bizweb.dktcdn.net\/100\/466\/217\/files\/a3.png?v=1674061190759\" data-thumb=\"original\" \/><\/p>\n<p><strong>B\u01b0\u1edbc 5:<\/strong><\/p>\n<p>Ch\u1ecdn t\u00edn hi\u1ec7u Wi-Fi c\u1ee7a b\u1ed9 \u0111\u1ecbnh tuy\u1ebfn \u0111\u1ec3 k\u1ebft n\u1ed1i m\u00e1y \u1ea3nh c\u1ee7a b\u1ea1n v\u00e0 nh\u1eadp m\u1eadt kh\u1ea9u Wi-Fi.<\/p>\n<p align=\"center\"><img decoding=\"async\" src=\"https:\/\/bizweb.dktcdn.net\/100\/466\/217\/files\/a4.png?v=1674061210145\" data-thumb=\"original\" \/><\/p>\n<p><strong>B\u01b0\u1edbc 6:<\/strong><\/p>\n<p>Thi\u1ebft b\u1ecb c\u1ee7a b\u1ea1n s\u1ebd k\u1ebft n\u1ed1i v\u1edbi t\u00edn hi\u1ec7u Wi-Fi c\u1ee7a b\u1ea1n, sau \u0111\u00f3 k\u1ebft n\u1ed1i v\u1edbi \u0111\u00e1m m\u00e2y Imou v\u00e0 li\u00ean k\u1ebft v\u1edbi Imou c\u1ee7a b\u1ea1n t\u00e0i kho\u1ea3n t\u1ef1 \u0111\u1ed9ng.<\/p>\n<p>Ch\u00fa \u00fd: Khi k\u1ebft n\u1ed1i thi\u1ebft b\u1ecb \u0111\u00e8n ch\u1ec9 b\u00e1o tr\u1ea1ng th\u00e1i s\u1ebd nh\u1ea5p nh\u00e1y m\u00e0u \u0111\u1ecf, sau khi k\u1ebft n\u1ed1i th\u00e0nh c\u00f4ng \u0111\u00e8n ch\u1ec9 b\u00e1o tr\u1ea1ng th\u00e1i s\u1ebd v\u1eabn xanh.<\/p>\n<p><strong>B\u01b0\u1edbc 7:<\/strong>\u00a0\u0110\u1eb7t t\u00ean cho thi\u1ebft b\u1ecb v\u00e0 t\u1eadn h\u01b0\u1edfng n\u00f3.<\/p>\n<p align=\"center\"><img decoding=\"async\" src=\"https:\/\/bizweb.dktcdn.net\/100\/466\/217\/files\/a5.png?v=1674061232744\" data-thumb=\"original\" \/><\/p>\n<p><em>N\u1ebfu b\u1ea1n c\u00f3 b\u1ea5t k\u1ef3 th\u1eafc m\u1eafc g\u00ec v\u1ec1 s\u1ea3n ph\u1ea9m h\u00e3y \u0111\u1ec3 l\u1ea1i b\u00ecnh lu\u1eadn ho\u1eb7c li\u00ean h\u1ec7 hotline c\u1ee7a ch\u00fang t\u00f4i \u0111\u1ec3 \u0111\u01b0\u1ee3c t\u01b0 v\u1ea5n v\u00e0 h\u1ed7 tr\u1ee3\u00a0v\u1ec1 s\u1ea3n ph\u1ea9m.<\/em><\/p>\n<\/div>\n<\/div>\n","protected":false},"excerpt":{"rendered":"<table border=\"1\" cellspacing=\"1\" cellpadding=\"1\">\n<tbody>\n<tr>\n<td colspan=\"2\">Camera gi\u00e1m s\u00e1t\u00a0<strong>IPC-C22FP-C<\/strong><\/td>\n<\/tr>\n<tr>\n<td>Ch\u1ebf \u0111\u1ed9 b\u1ea3o h\u00e0nh<\/td>\n<td>24 th\u00e1ng<\/td>\n<\/tr>\n<tr>\n<td>Chu\u1ea9n n\u00e9n<\/td>\n<td>H.265<\/td>\n<\/tr>\n<tr>\n<td>\u0110\u1ed9 ph\u00e2n gi\u1ea3i<\/td>\n<td>2.0 Megapixel\u00a0(1920&#215;1080)<\/td>\n<\/tr>\n<tr>\n<td>\u1ed0ng k\u00ednh<\/td>\n<td>Lo\u1ea1i 2.8 mm<\/td>\n<\/tr>\n<tr>\n<td>H\u1ed1ng ngo\u1ea1i, \u0111\u00e8n tr\u1ee3 s\u00e1ng<\/td>\n<td>H\u1ed3ng ngo\u1ea1i 20m, \u0111\u00e8n tr\u1ee3 s\u00e1ng ban \u0111\u00eam 20m<\/td>\n<\/tr>\n<tr>\n<td>H\u1ed7 tr\u1ee3 th\u1ebb nh\u1edb<\/td>\n<td>H\u1ed7 tr\u1ee3 khe c\u1eafm th\u1ebb nh\u1edb Micro SD, Max 256GB<\/td>\n<\/tr>\n<tr>\n<td>Loa, m\u00edc<\/td>\n<td>C\u00f3 (\u0110\u00e0m tho\u1ea1i 2 chi\u1ec1u)<\/td>\n<\/tr>\n<tr>\n<td>Xoay 360 \u0111\u1ed9<\/td>\n<td>Kh\u00f4ng<\/td>\n<\/tr>\n<tr>\n<td>Wifi\/LAN<\/td>\n<td>C\u00f3 (Wifi chu\u1ea9n IEEE802.11b\/g\/n), kh\u00f4ng c\u00f3 c\u1ed5ng LAN<\/td>\n<\/tr>\n<tr>\n<td>Onvif<\/td>\n<td>C\u00f3<\/td>\n<\/tr>\n<tr>\n<td>T\u00ednh n\u0103ng th\u00f4ng minh<\/td>\n<td>Ph\u00e1t hi\u1ec7n chuy\u1ec3n \u0111\u1ed9ng, ph\u00e1t hi\u1ec7n con ng\u01b0\u1eddi, ph\u00e1t hi\u1ec7n \u00e2m thanh b\u1ea5t th\u01b0\u1eddng, b\u00e1o \u0111\u1ed9ng b\u1eb1ng \u0111\u00e8n ch\u1edbp v\u00e0 c\u00f2i h\u00fa<\/td>\n<\/tr>\n<tr>\n<td>Ti\u00eau chu\u1ea9n ch\u1ed1ng n\u01b0\u1edbc<\/td>\n<td>IP65<\/td>\n<\/tr>\n<tr>\n<td>\u0110i\u1ec7n \u00e1p<\/td>\n<td>DC 5V-1A<\/td>\n<\/tr>\n<tr>\n<td>Ch\u1ea5t Li\u1ec7u<\/td>\n<td>Nh\u1ef1a<\/td>\n<\/tr>\n<\/tbody>\n<\/table>\n","protected":false},"featured_media":440,"comment_status":"open","ping_status":"closed","template":"","meta":{"_acf_changed":false},"product_brand":[],"product_cat":[28],"product_tag":[],"class_list":{"0":"post-439","1":"product","2":"type-product","3":"status-publish","4":"has-post-thumbnail","6":"product_cat-uncategorized","8":"first","9":"instock","10":"sale","11":"taxable","12":"shipping-taxable","13":"purchasable","14":"product-type-simple"},"acf":[],"_links":{"self":[{"href":"https:\/\/kinghl.com\/index.php?rest_route=\/wp\/v2\/product\/439","targetHints":{"allow":["GET"]}}],"collection":[{"href":"https:\/\/kinghl.com\/index.php?rest_route=\/wp\/v2\/product"}],"about":[{"href":"https:\/\/kinghl.com\/index.php?rest_route=\/wp\/v2\/types\/product"}],"replies":[{"embeddable":true,"href":"https:\/\/kinghl.com\/index.php?rest_route=%2Fwp%2Fv2%2Fcomments&post=439"}],"wp:featuredmedia":[{"embeddable":true,"href":"https:\/\/kinghl.com\/index.php?rest_route=\/wp\/v2\/media\/440"}],"wp:attachment":[{"href":"https:\/\/kinghl.com\/index.php?rest_route=%2Fwp%2Fv2%2Fmedia&parent=439"}],"wp:term":[{"taxonomy":"product_brand","embeddable":true,"href":"https:\/\/kinghl.com\/index.php?rest_route=%2Fwp%2Fv2%2Fproduct_brand&post=439"},{"taxonomy":"product_cat","embeddable":true,"href":"https:\/\/kinghl.com\/index.php?rest_route=%2Fwp%2Fv2%2Fproduct_cat&post=439"},{"taxonomy":"product_tag","embeddable":true,"href":"https:\/\/kinghl.com\/index.php?rest_route=%2Fwp%2Fv2%2Fproduct_tag&post=439"}],"curies":[{"name":"wp","href":"https:\/\/api.w.org\/{rel}","templated":true}]}}