{"id":460,"date":"2025-12-25T06:47:50","date_gmt":"2025-12-25T06:47:50","guid":{"rendered":"https:\/\/kinghl.com\/?post_type=product&#038;p=460"},"modified":"2025-12-25T06:47:58","modified_gmt":"2025-12-25T06:47:58","slug":"bo-phat-wifi-aruba-ap-325-rw-jw186a-used","status":"publish","type":"product","link":"https:\/\/kinghl.com\/?product=bo-phat-wifi-aruba-ap-325-rw-jw186a-used","title":{"rendered":"B\u1ed9 ph\u00e1t WiFi Aruba AP-325 (RW) JW186A (used)"},"content":{"rendered":"<p class=\"box-title\">M\u00d4 TA\u0309 SA\u0309N PH\u00c2\u0309M<\/p>\n<div class=\"js-static-content\">\n<h3><strong>T\u00ednh n\u0103ng n\u1ed5i b\u1eadt\u00a0c\u1ee7a B\u1ed9 ph\u00e1t Aruba AP-325 (RW)\u00a0JW186A<\/strong><\/h3>\n<p><strong>&#8211;\u00a0<a href=\"https:\/\/wifi.com.vn\/wifi-aruba-ap325-rw-jw186a.html\">Aruba AP-325 (RW) JW186A<\/a>\u00a0<\/strong>v\u1edbi<strong>\u00a0c\u00f4ng ngh\u1ec7 802.11ac Wave 2.0\u00a0<\/strong>gi\u00fap t\u0103ng b\u0103ng th\u00f4ng v\u00e0 t\u1ed1c \u0111\u1ed9 cho c\u00e1c thi\u1ebft b\u1ecb k\u1ebft n\u1ed1i kh\u00f4ng d\u00e2y ( t\u0103ng 30% so v\u1edbi Wave 1.0)<\/p>\n<p>&#8211; Anten\u00a0<strong>Dual-band (2.4Ghz\/5Ghz)<\/strong>\u00a0h\u1ed7 tr\u1ee3 c\u00f4ng ngh\u1ec7 m\u1edbi nh\u1ea5t\u00a0<strong>4&#215;4:4 MU-<\/strong><span class=\"stdtext\"><strong>MIMO<\/strong>\u00a0c\u00f4ng su\u1ea5t ph\u00e1t m\u1ea1nh m\u1ebd (2.4Ghz l\u00e0 4.0dBi v\u00e0 5Ghz l\u00e0 4.7dBi) gia t\u0103ng v\u00f9ng ph\u1ee7 s\u00f3ng v\u00e0 lo\u1ea1i b\u1ecf \u0111i\u1ec3m ch\u1ebft.<\/span><\/p>\n<p>&#8211; Ho\u1ea1t \u0111\u1ed9ng \u1edf 2\u00a0b\u0103ng t\u1ea7n 2.4Ghz v\u00e0 5Ghz\u00a0802.11 n\/g\/b\/a\/ac\/ac Wave2<strong>\u00a0<\/strong><\/p>\n<p>&#8211; T\u1ed1c \u0111\u1ed9 l\u00ean t\u1edbi\u00a0<strong>2333Mbps<\/strong>\u00a0(600Mbps tr\u00ean b\u0103ng t\u1ea7n 2.4GHz v\u00e0 1733Mbps\u00a0tr\u00ean\u00a0b\u0103ng t\u1ea7n 5Ghz)<\/p>\n<p>&#8211; 2 c\u1ed5ng m\u1ea1ng 10\/100\/1000 Base-T h\u1ed7 tr\u1ee3\u00a0Link Aggregation, gi\u00fap c\u1ed9ng g\u1ed9p t\u1ed1c \u0111\u1ed9 Uplink l\u00ean \u0111\u1ebfn<strong>\u00a02Gbps<\/strong><\/p>\n<p>&#8211; H\u1ed7 tr\u1ee3 \u00a0nhi\u1ec1u t\u00f9y ch\u1ecdn c\u1ea5p ngu\u1ed3n: PoE chu\u1ea9n 802.3at\/af\u00a0ho\u1eb7c\u00a0DC 12V-2.5A.<\/p>\n<p>&#8211;\u00a0<strong>H\u1ed7 tr\u1ee3\u00a0512 thi\u1ebft b\u1ecb truy c\u1eadp \u0111\u1ed3ng th\u1eddi<\/strong>\u00a0(256 tr\u00ean m\u1ed7i b\u0103ng t\u1ea7n)<strong>.\u00a0<\/strong>V\u00e0 c\u00f3 th\u1ec3 thi\u1ebft l\u1eadp\u00a0<strong>t\u1ed1i \u0111a 16 SSID<\/strong><\/p>\n<p>&#8211;\u00a0Nhi\u1ec1u t\u00f9y ch\u1ecdn c\u00e0i \u0111\u1eb7t:\u00a0<strong>Aruba Instant mode<\/strong>\u00a0(Master &#8211; Slave) ho\u1eb7c\u00a0<strong>Mobility<\/strong>\u00a0<strong>Controller<\/strong><\/p>\n<p>&#8211; \u0110\u00f3ng g\u00f3i\u00a0<strong>KH\u00d4NG<\/strong>\u00a0bao g\u1ed3m \u0110\u1ebf g\u1eafn t\u01b0\u1eddng v\u00e0 Ngu\u1ed3n.<\/p>\n<h3><strong>H\u00ecnh \u1ea3nh th\u1ef1c t\u1ebf\u00a0B\u1ed9 ph\u00e1t Aruba AP-325 (RW) JW186A<\/strong><\/h3>\n<p><strong><img decoding=\"async\" src=\"https:\/\/wifi.com.vn\/media\/lib\/14-03-2024\/wifi-aruba-ap325-01.jpg\" alt=\"\" \/><\/strong><\/p>\n<p><img decoding=\"async\" src=\"https:\/\/wifi.com.vn\/media\/lib\/14-03-2024\/wifi-aruba-ap325-02.jpg\" alt=\"\" \/><\/p>\n<p><img decoding=\"async\" src=\"https:\/\/wifi.com.vn\/media\/lib\/14-03-2024\/wifi-aruba-ap325-03.jpg\" alt=\"\" \/><\/p>\n<p><img decoding=\"async\" src=\"https:\/\/wifi.com.vn\/media\/lib\/14-03-2024\/wifi-aruba-ap325-04.jpg\" alt=\"\" \/><\/p>\n<p><img decoding=\"async\" src=\"https:\/\/wifi.com.vn\/media\/lib\/15-03-2024\/wifi-aruba-ap325-05.jpg\" alt=\"\" \/><\/p>\n<p><img decoding=\"async\" src=\"https:\/\/wifi.com.vn\/media\/lib\/15-03-2024\/wifi-aruba-ap325-06.jpg\" alt=\"\" \/><\/p>\n<p><img decoding=\"async\" src=\"https:\/\/wifi.com.vn\/media\/lib\/14-03-2024\/wifi-aruba-ap325-07.jpg\" alt=\"\" \/><\/p>\n<p><img decoding=\"async\" src=\"https:\/\/wifi.com.vn\/media\/lib\/14-03-2024\/wifi-aruba-ap325-08.jpg\" alt=\"\" \/><\/p>\n<\/div>\n","protected":false},"excerpt":{"rendered":"<div>WiFi b\u0103ng t\u1ea7n k\u00e9p Chu\u1ea9n AC &#8211; T\u1ed1c \u0111\u1ed9: 2333Mbps<\/div>\n<div>B\u0103ng t\u1ea7n 2.4Ghz: 600Mbps &#8211; MIMO 4&#215;4<\/div>\n<div>B\u0103ng t\u1ea7n 5Ghz: 1733Mbps &#8211; MIMO 4&#215;4<\/div>\n<div>C\u00f3 2 C\u1ed5ng LAN Gigabit<\/div>\n<div>K\u1ebft n\u1ed1i t\u1ed1i \u0111a 256 User tr\u00ean m\u1ed7i b\u0103ng t\u1ea7n.<\/div>\n<div>C\u1ea5p ngu\u1ed3n b\u1eb1ng: PoE 802.3at ho\u1eb7c DC 12V-2.5A<\/div>\n","protected":false},"featured_media":461,"comment_status":"open","ping_status":"closed","template":"","meta":{"_acf_changed":false},"product_brand":[],"product_cat":[28],"product_tag":[],"class_list":{"0":"post-460","1":"product","2":"type-product","3":"status-publish","4":"has-post-thumbnail","6":"product_cat-uncategorized","8":"first","9":"instock","10":"sale","11":"taxable","12":"shipping-taxable","13":"purchasable","14":"product-type-simple"},"acf":[],"_links":{"self":[{"href":"https:\/\/kinghl.com\/index.php?rest_route=\/wp\/v2\/product\/460","targetHints":{"allow":["GET"]}}],"collection":[{"href":"https:\/\/kinghl.com\/index.php?rest_route=\/wp\/v2\/product"}],"about":[{"href":"https:\/\/kinghl.com\/index.php?rest_route=\/wp\/v2\/types\/product"}],"replies":[{"embeddable":true,"href":"https:\/\/kinghl.com\/index.php?rest_route=%2Fwp%2Fv2%2Fcomments&post=460"}],"wp:featuredmedia":[{"embeddable":true,"href":"https:\/\/kinghl.com\/index.php?rest_route=\/wp\/v2\/media\/461"}],"wp:attachment":[{"href":"https:\/\/kinghl.com\/index.php?rest_route=%2Fwp%2Fv2%2Fmedia&parent=460"}],"wp:term":[{"taxonomy":"product_brand","embeddable":true,"href":"https:\/\/kinghl.com\/index.php?rest_route=%2Fwp%2Fv2%2Fproduct_brand&post=460"},{"taxonomy":"product_cat","embeddable":true,"href":"https:\/\/kinghl.com\/index.php?rest_route=%2Fwp%2Fv2%2Fproduct_cat&post=460"},{"taxonomy":"product_tag","embeddable":true,"href":"https:\/\/kinghl.com\/index.php?rest_route=%2Fwp%2Fv2%2Fproduct_tag&post=460"}],"curies":[{"name":"wp","href":"https:\/\/api.w.org\/{rel}","templated":true}]}}